{"id":360,"date":"2021-11-03T12:04:21","date_gmt":"2021-11-03T11:04:21","guid":{"rendered":"https:\/\/gph.be\/fete-familiale\/?post_type=product&#038;p=360"},"modified":"2025-08-01T15:39:53","modified_gmt":"2025-08-01T13:39:53","slug":"don-de-50-euros","status":"publish","type":"product","link":"https:\/\/gph.be\/fete-familiale\/produit\/don-de-50-euros\/","title":{"rendered":"Don de 50 euros"},"content":{"rendered":"<p>Participer financi\u00e8rement au budget d\u00e9di\u00e9 aux \u00e9l\u00e8ves pour am\u00e9liorer leur cadre de vie direct.<\/p>\n<p>&nbsp;<\/p>\n<p>Le budget est g\u00e9r\u00e9 par le Conseil de participation<\/p>\n","protected":false},"excerpt":{"rendered":"<p>Participer financi\u00e8rement au budget d\u00e9di\u00e9 aux \u00e9l\u00e8ves pour am\u00e9liorer leur cadre de vie direct. &nbsp; Le budget est g\u00e9r\u00e9 par le Conseil de participation<\/p>\n","protected":false},"featured_media":356,"comment_status":"open","ping_status":"closed","template":"","meta":{"neve_meta_sidebar":"","neve_meta_container":"","neve_meta_enable_content_width":"off","neve_meta_content_width":100,"neve_meta_title_alignment":"","neve_meta_author_avatar":"","neve_post_elements_order":"","neve_meta_disable_header":"","neve_meta_disable_footer":"","neve_meta_disable_title":""},"product_brand":[],"product_cat":[32],"product_tag":[],"class_list":{"0":"post-360","1":"product","2":"type-product","3":"status-publish","4":"has-post-thumbnail","6":"product_cat-don","8":"first","9":"instock","10":"shipping-taxable","11":"purchasable","12":"product-type-simple"},"jetpack_sharing_enabled":true,"_links":{"self":[{"href":"https:\/\/gph.be\/fete-familiale\/wp-json\/wp\/v2\/product\/360","targetHints":{"allow":["GET"]}}],"collection":[{"href":"https:\/\/gph.be\/fete-familiale\/wp-json\/wp\/v2\/product"}],"about":[{"href":"https:\/\/gph.be\/fete-familiale\/wp-json\/wp\/v2\/types\/product"}],"replies":[{"embeddable":true,"href":"https:\/\/gph.be\/fete-familiale\/wp-json\/wp\/v2\/comments?post=360"}],"wp:featuredmedia":[{"embeddable":true,"href":"https:\/\/gph.be\/fete-familiale\/wp-json\/wp\/v2\/media\/356"}],"wp:attachment":[{"href":"https:\/\/gph.be\/fete-familiale\/wp-json\/wp\/v2\/media?parent=360"}],"wp:term":[{"taxonomy":"product_brand","embeddable":true,"href":"https:\/\/gph.be\/fete-familiale\/wp-json\/wp\/v2\/product_brand?post=360"},{"taxonomy":"product_cat","embeddable":true,"href":"https:\/\/gph.be\/fete-familiale\/wp-json\/wp\/v2\/product_cat?post=360"},{"taxonomy":"product_tag","embeddable":true,"href":"https:\/\/gph.be\/fete-familiale\/wp-json\/wp\/v2\/product_tag?post=360"}],"curies":[{"name":"wp","href":"https:\/\/api.w.org\/{rel}","templated":true}]}}