{"id":206,"date":"2020-03-23T11:38:19","date_gmt":"2020-03-23T11:38:19","guid":{"rendered":"https:\/\/demosites.io\/charity-gb\/?page_id=206"},"modified":"2025-08-01T15:46:51","modified_gmt":"2025-08-01T13:46:51","slug":"05700-home","status":"publish","type":"page","link":"https:\/\/gph.be\/fete-familiale\/","title":{"rendered":"La f\u00eate familiale de GPH &#8211; Gosselies"},"content":{"rendered":"\n<div class=\"wp-block-cover alignfull\" style=\"min-height:500px;aspect-ratio:unset;\"><img loading=\"lazy\" decoding=\"async\" width=\"2560\" height=\"1714\" class=\"wp-block-cover__image-background wp-image-316\" alt=\"\" src=\"http:\/\/gph.be\/fete-familiale\/wp-content\/uploads\/2021\/11\/DSC_0127-scaled.jpg\" data-object-fit=\"cover\" srcset=\"https:\/\/gph.be\/fete-familiale\/wp-content\/uploads\/2021\/11\/DSC_0127-scaled.jpg 2560w, https:\/\/gph.be\/fete-familiale\/wp-content\/uploads\/2021\/11\/DSC_0127-scaled-600x402.jpg 600w, https:\/\/gph.be\/fete-familiale\/wp-content\/uploads\/2021\/11\/DSC_0127-300x201.jpg 300w, https:\/\/gph.be\/fete-familiale\/wp-content\/uploads\/2021\/11\/DSC_0127-1024x685.jpg 1024w, https:\/\/gph.be\/fete-familiale\/wp-content\/uploads\/2021\/11\/DSC_0127-768x514.jpg 768w, https:\/\/gph.be\/fete-familiale\/wp-content\/uploads\/2021\/11\/DSC_0127-1536x1028.jpg 1536w, https:\/\/gph.be\/fete-familiale\/wp-content\/uploads\/2021\/11\/DSC_0127-2048x1371.jpg 2048w\" sizes=\"auto, (max-width: 2560px) 100vw, 2560px\" \/><span aria-hidden=\"true\" class=\"wp-block-cover__background has-neve-link-hover-color-background-color has-background-dim-80 has-background-dim\"><\/span><div class=\"wp-block-cover__inner-container is-layout-flow wp-block-cover-is-layout-flow\">\n<div style=\"height:120px\" aria-hidden=\"true\" class=\"wp-block-spacer\"><\/div>\n\n\n\n<div class=\"wp-block-columns is-layout-flex wp-container-core-columns-is-layout-9d6595d7 wp-block-columns-is-layout-flex\">\n<div class=\"wp-block-column is-vertically-aligned-center is-layout-flow wp-block-column-is-layout-flow\" style=\"flex-basis:42%\">\n<p class=\"has-text-color\" style=\"color:#ffffff\"><strong>Institut de la Providence &#8211; Humanit\u00e9s (GPH)<\/strong><\/p>\n\n\n\n<h1 class=\"wp-block-heading has-nv-site-bg-color has-text-color has-huge-font-size\" id=\"notre-fetefamiliale\">Notre F\u00eate<br>FAMILIALE<\/h1>\n\n\n\n<p class=\"has-text-color\" style=\"color:#ffffff\">Se retrouver, anciens, actuels et nouveaux dans un site agr\u00e9able et rempli de souvenirs, de projets et d&rsquo;ambition.<\/p>\n<\/div>\n\n\n\n<div class=\"wp-block-column is-vertically-aligned-bottom is-layout-flow wp-block-column-is-layout-flow\">\n<h1 class=\"wp-block-heading has-text-align-center has-neve-link-color-color has-text-color\" id=\"c-est-le-samedi\">C&rsquo;est ce<\/h1>\n\n\n\n<h1 class=\"wp-block-heading has-text-align-center has-neve-link-color-color has-text-color\" id=\"c-est-le-samedi\">samedi 18 AVRIL 2026 !<\/h1>\n\n\n\n<p class=\"has-text-align-center has-neve-link-color-color has-text-color has-link-color has-large-font-size wp-elements-ca4205a7f4438a8f8ef52f14aea1f251\"><strong>Rendez-nous visite !<\/strong><\/p>\n<\/div>\n<\/div>\n\n\n\n<div style=\"height:120px\" aria-hidden=\"true\" class=\"wp-block-spacer\"><\/div>\n<\/div><\/div>\n\n\n\n<div class=\"wp-block-cover alignfull\" id=\"about\"><span aria-hidden=\"true\" class=\"wp-block-cover__background has-nv-light-bg-background-color has-background-dim-100 has-background-dim\"><\/span><div class=\"wp-block-cover__inner-container is-layout-flow wp-block-cover-is-layout-flow\">\n<div style=\"height:80px\" aria-hidden=\"true\" class=\"wp-block-spacer\"><\/div>\n\n\n\n<p class=\"has-text-align-center has-neve-link-hover-color-color has-text-color\"><strong>A PROPOS<\/strong><\/p>\n\n\n\n<h2 class=\"wp-block-heading has-text-align-center has-nv-text-dark-bg-color has-text-color\" id=\"nous-ce-samedi-la\">NOUS, ce jour-l\u00e0<\/h2>\n\n\n\n<div style=\"height:20px\" aria-hidden=\"true\" class=\"wp-block-spacer\"><\/div>\n\n\n\n<div class=\"wp-block-columns are-vertically-aligned-center col-padding is-layout-flex wp-container-core-columns-is-layout-9d6595d7 wp-block-columns-is-layout-flex\">\n<div class=\"wp-block-column is-vertically-aligned-center is-layout-flow wp-block-column-is-layout-flow\">\n<div class=\"wp-block-group has-nv-site-bg-background-color has-background\"><div class=\"wp-block-group__inner-container is-layout-flow wp-block-group-is-layout-flow\">\n<div style=\"height:40px\" aria-hidden=\"true\" class=\"wp-block-spacer\"><\/div>\n\n\n<div class=\"wp-block-image\">\n<figure class=\"aligncenter size-full\"><img loading=\"lazy\" decoding=\"async\" width=\"50\" height=\"50\" src=\"http:\/\/gph.be\/fete-familiale\/wp-content\/uploads\/2021\/11\/icons8-planning-60-e1635947982562.png\" alt=\"\" class=\"wp-image-372\"\/><\/figure><\/div>\n\n\n<div style=\"height:20px\" aria-hidden=\"true\" class=\"wp-block-spacer\"><\/div>\n\n\n\n<h4 class=\"wp-block-heading has-text-align-center has-neve-text-color-color has-text-color\" id=\"le-programmede-la-journee\">Le programme           de la journ\u00e9e<\/h4>\n\n\n\n<p class=\"has-text-align-center has-neve-text-color-color has-text-color\">Portes ouvertes<br><br>Pr\u00e9sentation des options<\/p>\n\n\n\n<p class=\"has-text-align-center has-neve-text-color-color has-text-color\">Retrouvailles des anciens<\/p>\n\n\n\n<p><\/p>\n\n\n\n<div class=\"wp-block-buttons is-horizontal is-content-justification-center is-layout-flex wp-container-core-buttons-is-layout-499968f5 wp-block-buttons-is-layout-flex\">\n<div class=\"wp-block-button is-style-secondary\"><a class=\"wp-block-button__link wp-element-button\">Le programme<\/a><\/div>\n<\/div>\n\n\n\n<div style=\"height:40px\" aria-hidden=\"true\" class=\"wp-block-spacer\"><\/div>\n<\/div><\/div>\n<\/div>\n\n\n\n<div class=\"wp-block-column is-vertically-aligned-center is-layout-flow wp-block-column-is-layout-flow\">\n<div class=\"wp-block-group has-nv-site-bg-background-color has-background\"><div class=\"wp-block-group__inner-container is-layout-flow wp-block-group-is-layout-flow\">\n<div style=\"height:40px\" aria-hidden=\"true\" class=\"wp-block-spacer\"><\/div>\n\n\n<div class=\"wp-block-image\">\n<figure class=\"aligncenter size-full\"><img loading=\"lazy\" decoding=\"async\" width=\"50\" height=\"50\" src=\"http:\/\/gph.be\/fete-familiale\/wp-content\/uploads\/2021\/11\/icons8-planning-60-e1635947982562.png\" alt=\"\" class=\"wp-image-372\"\/><\/figure><\/div>\n\n\n<div style=\"height:20px\" aria-hidden=\"true\" class=\"wp-block-spacer\"><\/div>\n\n\n\n<h4 class=\"wp-block-heading has-text-align-center has-neve-text-color-color has-text-color\" id=\"le-programmede-la-journee\">Le march\u00e9    artisanal<\/h4>\n\n\n\n<p class=\"has-text-align-center has-neve-text-color-color has-text-color\">Plusieurs artisans r\u00e9unis<\/p>\n\n\n\n<p class=\"has-text-align-center has-neve-text-color-color has-text-color\">\u00e0 l&rsquo;Orangerie de 14 h \u00e0 18  h<\/p>\n\n\n\n<p><\/p>\n\n\n\n<p><\/p>\n\n\n\n<div class=\"wp-block-buttons is-horizontal is-content-justification-center is-layout-flex wp-container-core-buttons-is-layout-499968f5 wp-block-buttons-is-layout-flex\">\n<div class=\"wp-block-button is-style-secondary\"><a class=\"wp-block-button__link wp-element-button\">Voir les exposants<\/a><\/div>\n<\/div>\n\n\n\n<div style=\"height:40px\" aria-hidden=\"true\" class=\"wp-block-spacer\"><\/div>\n<\/div><\/div>\n<\/div>\n\n\n\n<div class=\"wp-block-column is-vertically-aligned-center is-layout-flow wp-block-column-is-layout-flow\">\n<div class=\"wp-block-group has-nv-site-bg-background-color has-background\"><div class=\"wp-block-group__inner-container is-layout-flow wp-block-group-is-layout-flow\">\n<div style=\"height:40px\" aria-hidden=\"true\" class=\"wp-block-spacer\"><\/div>\n\n\n<div class=\"wp-block-image is-style-default\">\n<figure class=\"aligncenter size-full is-resized\"><img loading=\"lazy\" decoding=\"async\" width=\"512\" height=\"512\" src=\"https:\/\/gph.be\/fete-familiale\/wp-content\/uploads\/2023\/03\/earth-globe-tool.png\" alt=\"\" class=\"wp-image-607\" style=\"width:48px;height:48px\" srcset=\"https:\/\/gph.be\/fete-familiale\/wp-content\/uploads\/2023\/03\/earth-globe-tool.png 512w, https:\/\/gph.be\/fete-familiale\/wp-content\/uploads\/2023\/03\/earth-globe-tool-300x300.png 300w, https:\/\/gph.be\/fete-familiale\/wp-content\/uploads\/2023\/03\/earth-globe-tool-150x150.png 150w, https:\/\/gph.be\/fete-familiale\/wp-content\/uploads\/2023\/03\/earth-globe-tool-100x100.png 100w\" sizes=\"auto, (max-width: 512px) 100vw, 512px\" \/><\/figure><\/div>\n\n\n<div style=\"height:20px\" aria-hidden=\"true\" class=\"wp-block-spacer\"><\/div>\n\n\n\n<h4 class=\"wp-block-heading has-text-align-center has-neve-text-color-color has-text-color\" id=\"la-restaurationpossible-sur-place\">Un village        sportif<\/h4>\n\n\n\n<p class=\"has-text-align-center has-neve-text-color-color has-text-color\">D\u00e9couverte d&rsquo;engins \u00e0 mobilit\u00e9 douce,<\/p>\n\n\n\n<p class=\"has-text-align-center has-neve-text-color-color has-text-color\">3 structures gonflables<\/p>\n\n\n\n<p class=\"has-text-align-center has-neve-text-color-color has-text-color\">Parcours sportif<\/p>\n\n\n\n<p><\/p>\n\n\n\n<div class=\"wp-block-buttons is-horizontal is-content-justification-center is-layout-flex wp-container-core-buttons-is-layout-499968f5 wp-block-buttons-is-layout-flex\">\n<div class=\"wp-block-button is-style-secondary\"><a class=\"wp-block-button__link wp-element-button\" href=\"https:\/\/new.rocevents.be\/stages-a-gosselies\/\">par Roc-Events<\/a><\/div>\n<\/div>\n\n\n\n<div style=\"height:40px\" aria-hidden=\"true\" class=\"wp-block-spacer\"><\/div>\n<\/div><\/div>\n<\/div>\n<\/div>\n\n\n\n<div style=\"height:80px\" aria-hidden=\"true\" class=\"wp-block-spacer\"><\/div>\n<\/div><\/div>\n\n\n\n<div class=\"wp-block-cover alignfull\"><span aria-hidden=\"true\" class=\"wp-block-cover__background has-nv-site-bg-background-color has-background-dim-100 has-background-dim\"><\/span><div class=\"wp-block-cover__inner-container is-layout-flow wp-block-cover-is-layout-flow\">\n<div style=\"height:80px\" aria-hidden=\"true\" class=\"wp-block-spacer\"><\/div>\n\n\n\n<div class=\"wp-block-columns is-layout-flex wp-container-core-columns-is-layout-9d6595d7 wp-block-columns-is-layout-flex\">\n<div class=\"wp-block-column is-layout-flow wp-block-column-is-layout-flow\">\n<div style=\"height:20px\" aria-hidden=\"true\" class=\"wp-block-spacer\"><\/div>\n\n\n\n<h2 class=\"wp-block-heading has-text-align-left has-neve-text-color-color has-text-color\" id=\"notre-vision-d-ecole\">Notre vision d&rsquo;\u00e9cole<\/h2>\n\n\n\n<h3 class=\"wp-block-heading has-text-align-left has-neve-link-hover-color-color has-text-color\" id=\"l-education-fait-humanite\">l&rsquo;\u00e9ducation fait humanit\u00e9<\/h3>\n\n\n\n<p class=\"has-text-align-left has-neve-text-color-color has-text-color\">Nous croyons fermement que c&rsquo;est par l&rsquo;\u00e9ducation soign\u00e9e, rigoureuse et ouverte que nous ferons des \u00e9l\u00e8ves qui nous sont confi\u00e9s des adultes responsables et citoyens d&rsquo;une soci\u00e9t\u00e9 \u00e0 (re)construire.<\/p>\n<\/div>\n\n\n\n<div class=\"wp-block-column is-layout-flow wp-block-column-is-layout-flow\">\n<div style=\"height:20px\" aria-hidden=\"true\" class=\"wp-block-spacer\"><\/div>\n\n\n\n<h3 class=\"wp-block-heading has-text-align-left has-neve-text-color-color has-text-color\" id=\"comment-on-s-y-prend\">Comment on s&rsquo;y prend ?<\/h3>\n\n\n\n<p class=\"has-text-align-left has-neve-text-color-color has-text-color\">Par la patience, par le go\u00fbt de l&rsquo;apprentissage, par l&rsquo;ouverture \u00e0 notre environnement, nous cr\u00e9ons les possibles, sans enfermer.<\/p>\n\n\n\n<h3 class=\"wp-block-heading has-text-align-left has-neve-link-color-color has-text-color\" id=\"pour-faire-grandir\">pour faire grandir !<\/h3>\n\n\n\n<p class=\"has-text-align-left has-neve-text-color-color has-text-color\">A son rythme, l&rsquo;enfant qui est le v\u00f4tre devient l&rsquo;\u00e9l\u00e8ve que nous faisons grandir. Au-del\u00e0 de la mati\u00e8re pour la mati\u00e8re, nous d\u00e9veloppons l&rsquo;esprit critique et l&rsquo;adaptation \u00e0 toute situation.<\/p>\n<\/div>\n<\/div>\n\n\n\n<div style=\"height:80px\" aria-hidden=\"true\" class=\"wp-block-spacer\"><\/div>\n<\/div><\/div>\n\n\n\n<div class=\"wp-block-cover alignfull has-parallax wp-duotone-var--nv-light-bg-var--nv-c-2-1\" style=\"min-height:730px;aspect-ratio:unset;\" id=\"efforts\"><div class=\"wp-block-cover__image-background wp-image-323 has-parallax\" style=\"background-position:50% 50%;background-image:url(https:\/\/gph.be\/fete-familiale\/wp-content\/uploads\/2021\/11\/IMG_0130-scaled.jpg)\"><\/div><span aria-hidden=\"true\" class=\"wp-block-cover__background has-neve-link-hover-color-background-color has-background-dim-80 has-background-dim\"><\/span><div class=\"wp-block-cover__inner-container is-layout-flow wp-block-cover-is-layout-flow\">\n<h4 class=\"wp-block-heading has-text-align-center has-nv-text-dark-bg-color has-text-color\"><strong>INVESTIR<\/strong><\/h4>\n\n\n\n<h2 class=\"wp-block-heading has-text-align-center has-nv-light-bg-color has-text-color\" id=\"comment-pouvez-vous-aider\">COMMENT POUVEZ-VOUS AIDER ?<\/h2>\n\n\n\n<div style=\"height:20px\" aria-hidden=\"true\" class=\"wp-block-spacer\"><\/div>\n\n\n\n<div class=\"wp-block-group\"><div class=\"wp-block-group__inner-container is-layout-constrained wp-block-group-is-layout-constrained\">\n<div class=\"wp-block-columns is-layout-flex wp-container-core-columns-is-layout-9d6595d7 wp-block-columns-is-layout-flex\">\n<div class=\"wp-block-column is-layout-flow wp-block-column-is-layout-flow\" style=\"flex-basis:40%\"><div class=\"wp-block-image\">\n<figure class=\"aligncenter size-large\"><img loading=\"lazy\" decoding=\"async\" width=\"63\" height=\"50\" src=\"http:\/\/gph.be\/fete-familiale\/wp-content\/uploads\/2021\/09\/money-bill-alt-regular-1.png\" alt=\"\" class=\"wp-image-257\"\/><\/figure><\/div>\n\n\n<h2 class=\"wp-block-heading has-text-align-center has-nv-text-dark-bg-color has-text-color\" id=\"faire-un-don\">faire un don<\/h2>\n\n\n\n<p class=\"has-text-align-center has-text-color\" style=\"color:#ffffff\">Votre g\u00e9n\u00e9rosit\u00e9 permettra d&rsquo;alimenter le budget annuel r\u00e9serv\u00e9 aux \u00e9l\u00e8ves pour am\u00e9liorer leur environnement direct.<\/p>\n\n\n\n<div class=\"wp-block-buttons is-horizontal is-content-justification-center is-layout-flex wp-container-core-buttons-is-layout-499968f5 wp-block-buttons-is-layout-flex\">\n<div class=\"wp-block-button is-style-primary\"><a class=\"wp-block-button__link has-nv-site-bg-color has-nv-light-bg-background-color has-text-color has-background wp-element-button\" href=\"https:\/\/gph.be\/fete-familiale\/categorie-produit\/don\/\" style=\"border-radius:50px\">Cliquer ici<\/a><\/div>\n<\/div>\n\n\n\n<div style=\"height:30px\" aria-hidden=\"true\" class=\"wp-block-spacer\"><\/div>\n<\/div>\n\n\n\n<div class=\"wp-block-column is-layout-flow wp-block-column-is-layout-flow\"><\/div>\n\n\n\n<div class=\"wp-block-column is-vertically-aligned-center is-layout-flow wp-block-column-is-layout-flow\" style=\"flex-basis:40%\"><div class=\"wp-block-image\">\n<figure class=\"aligncenter size-large\"><img loading=\"lazy\" decoding=\"async\" width=\"50\" height=\"45\" src=\"http:\/\/gph.be\/fete-familiale\/wp-content\/uploads\/2021\/09\/leaf-solid-2-white.png\" alt=\"\" class=\"wp-image-259\"\/><\/figure><\/div>\n\n\n<h2 class=\"wp-block-heading has-text-align-center has-nv-text-dark-bg-color has-text-color\" id=\"nous-sponsoriser\">nous sponsoriser<\/h2>\n\n\n\n<p class=\"has-text-align-center has-text-color\" style=\"color:#ffffff\">Votre pr\u00e9sence visuelle, comme association ou soci\u00e9t\u00e9 ajoutera \u00e0 votre entreprise une image ouverte sur l&rsquo;\u00e9ducation et son importance pour chaque jeune.<\/p>\n\n\n\n<div class=\"wp-block-buttons is-horizontal is-content-justification-center is-layout-flex wp-container-core-buttons-is-layout-499968f5 wp-block-buttons-is-layout-flex\">\n<div class=\"wp-block-button is-style-primary\"><a class=\"wp-block-button__link has-nv-site-bg-color has-neve-link-color-background-color has-text-color has-background wp-element-button\" href=\"https:\/\/gph.be\/fete-familiale\/sponsors\/\" style=\"border-radius:50px\">Cliquer ici<\/a><\/div>\n<\/div>\n\n\n\n<div style=\"height:30px\" aria-hidden=\"true\" class=\"wp-block-spacer\"><\/div>\n<\/div>\n<\/div>\n<\/div><\/div>\n<\/div><\/div>\n\n\n\n<h2 class=\"wp-block-heading alignfull has-text-align-center has-neve-link-hover-color-color has-text-color\" id=\"sponsors\">Sponsors<\/h2>\n\n\n\n<div class=\"wp-block-columns is-layout-flex wp-container-core-columns-is-layout-9d6595d7 wp-block-columns-is-layout-flex\">\n<div class=\"wp-block-column is-layout-flow wp-block-column-is-layout-flow\"><div class=\"wp-block-image\">\n<figure class=\"aligncenter size-large is-resized\"><a href=\"https:\/\/new.rocevents.be\/stages-a-gosselies\/\"><img loading=\"lazy\" decoding=\"async\" width=\"1024\" height=\"1024\" src=\"https:\/\/gph.be\/fete-familiale\/wp-content\/uploads\/2021\/12\/logo_rocevents_2017-1024x1024.png\" alt=\"\" class=\"wp-image-447\" style=\"width:512px;height:512px\" srcset=\"https:\/\/gph.be\/fete-familiale\/wp-content\/uploads\/2021\/12\/logo_rocevents_2017-1024x1024.png 1024w, https:\/\/gph.be\/fete-familiale\/wp-content\/uploads\/2021\/12\/logo_rocevents_2017-300x300.png 300w, https:\/\/gph.be\/fete-familiale\/wp-content\/uploads\/2021\/12\/logo_rocevents_2017-150x150.png 150w, https:\/\/gph.be\/fete-familiale\/wp-content\/uploads\/2021\/12\/logo_rocevents_2017-768x768.png 768w, https:\/\/gph.be\/fete-familiale\/wp-content\/uploads\/2021\/12\/logo_rocevents_2017-1536x1536.png 1536w, https:\/\/gph.be\/fete-familiale\/wp-content\/uploads\/2021\/12\/logo_rocevents_2017-2048x2048.png 2048w, https:\/\/gph.be\/fete-familiale\/wp-content\/uploads\/2021\/12\/logo_rocevents_2017-1320x1320.png 1320w, https:\/\/gph.be\/fete-familiale\/wp-content\/uploads\/2021\/12\/logo_rocevents_2017-600x600.png 600w, https:\/\/gph.be\/fete-familiale\/wp-content\/uploads\/2021\/12\/logo_rocevents_2017-100x100.png 100w\" sizes=\"auto, (max-width: 1024px) 100vw, 1024px\" \/><\/a><\/figure><\/div><\/div>\n\n\n\n<div class=\"wp-block-column is-layout-flow wp-block-column-is-layout-flow\"><\/div>\n<\/div>\n\n\n\n<div class=\"wp-block-cover alignfull wp-duotone-000000-ffffff-2\"><span aria-hidden=\"true\" class=\"wp-block-cover__background has-nv-light-bg-background-color has-background-dim-100 has-background-dim\"><\/span><div class=\"wp-block-cover__inner-container is-layout-flow wp-block-cover-is-layout-flow\">\n<div style=\"height:80px\" aria-hidden=\"true\" class=\"wp-block-spacer\"><\/div>\n\n\n\n<h2 class=\"wp-block-heading has-text-align-center has-nv-site-bg-color has-text-color\" id=\"nous-contacter-c-est-par-ici\">Nous contacter, c&rsquo;est par ici<\/h2>\n\n\n\n<p class=\"has-text-align-center has-neve-text-color-color has-text-color\">Laissez-nous vos coordonn\u00e9es et sp\u00e9cifiez votre aide possible.<\/p>\n\n\n\n<div class=\"wp-block-columns is-layout-flex wp-container-core-columns-is-layout-9d6595d7 wp-block-columns-is-layout-flex\">\n<div class=\"wp-block-column is-layout-flow wp-block-column-is-layout-flow\" style=\"flex-basis:100%\">\n<div class=\"wp-block-group\"><div class=\"wp-block-group__inner-container is-layout-flow wp-block-group-is-layout-flow\"><div class=\"wp-block-jetpack-contact-form\"><a href=\"https:\/\/gph.be\/fete-familiale\/\" target=\"_blank\" rel=\"noopener noreferrer\">Soumettre un formulaire.<\/a><\/div><\/div><\/div>\n<\/div>\n<\/div>\n<\/div><\/div>\n","protected":false},"excerpt":{"rendered":"<p>Sponsors<\/p>\n","protected":false},"author":1,"featured_media":0,"parent":0,"menu_order":0,"comment_status":"closed","ping_status":"closed","template":"","meta":{"neve_meta_sidebar":"full-width","neve_meta_container":"contained","neve_meta_enable_content_width":"on","neve_meta_content_width":100,"neve_meta_title_alignment":"center","neve_meta_author_avatar":"","neve_post_elements_order":"","neve_meta_disable_header":"","neve_meta_disable_footer":"","neve_meta_disable_title":"on","footnotes":""},"class_list":["post-206","page","type-page","status-publish","hentry"],"jetpack_sharing_enabled":true,"_links":{"self":[{"href":"https:\/\/gph.be\/fete-familiale\/wp-json\/wp\/v2\/pages\/206","targetHints":{"allow":["GET"]}}],"collection":[{"href":"https:\/\/gph.be\/fete-familiale\/wp-json\/wp\/v2\/pages"}],"about":[{"href":"https:\/\/gph.be\/fete-familiale\/wp-json\/wp\/v2\/types\/page"}],"author":[{"embeddable":true,"href":"https:\/\/gph.be\/fete-familiale\/wp-json\/wp\/v2\/users\/1"}],"replies":[{"embeddable":true,"href":"https:\/\/gph.be\/fete-familiale\/wp-json\/wp\/v2\/comments?post=206"}],"version-history":[{"count":133,"href":"https:\/\/gph.be\/fete-familiale\/wp-json\/wp\/v2\/pages\/206\/revisions"}],"predecessor-version":[{"id":710,"href":"https:\/\/gph.be\/fete-familiale\/wp-json\/wp\/v2\/pages\/206\/revisions\/710"}],"wp:attachment":[{"href":"https:\/\/gph.be\/fete-familiale\/wp-json\/wp\/v2\/media?parent=206"}],"curies":[{"name":"wp","href":"https:\/\/api.w.org\/{rel}","templated":true}]}}